{"id":298,"date":"2017-10-30T09:31:48","date_gmt":"2017-10-30T09:31:48","guid":{"rendered":"https:\/\/ceccarbotosani.ro\/ro\/?page_id=298"},"modified":"2026-02-04T12:37:08","modified_gmt":"2026-02-04T10:37:08","slug":"examenul-de-aptitudini","status":"publish","type":"page","link":"https:\/\/ceccarbotosani.ro\/ro\/membri\/cum-devin-membru-ceccar\/examenul-de-aptitudini\/","title":{"rendered":"Examenul de aptitudini"},"content":{"rendered":"<section   class=\"fw-main-row  auto  fw-section-position-back\"    >\n\t\t\t<div class=\"fw-container\" >\n\t\t<div class=\"fw-row\">\n\t<div id=\"column-69e11fa496339\" class=\"fw-col-sm-12 tf-sh-4bf7de7076824fb4c351a6d1039d0743\" >\n\t<div class=\"fw-wrap-col-inner clearfix  \"   >\n\t\t\t\t<div class=\"fw-col-inner\">\n\t\t\t<div class=\"fw-text-box tf-sh-b4a496c23a94b122350f1c9e2210e50c \" >\n\t<div class=\"fw-text-inner\">\n\t\t<p><strong><span style=\"font-size: 12pt;\">Examenul de aptitudini<br \/><\/span><\/strong><\/p>\n\t<\/div>\n<\/div><div class=\"fw-divider-space space-sm  clearfix\"  ><\/div><div class=\"tf-sh-435841a89aa1e8b5e1a52a967d0eb145 fw-tabs fw-tabs-minimal fw-tabs-top \" >\n\t<ul class=\"nav nav-tabs nav-justified\">\n\t\t\t\t\t<li class=\"active\">\n\t\t\t\t<a href=\"#tab-cont-435841a89aa1e8b5e1a52a967d0eb145-1\" data-toggle=\"tab\">\n\t\t\t\t\t\n\t\t\t\t\t\t\t\t\t\t<span>Sustinere Examen <\/span>\n\t\t\t\t<\/a>\n\t\t\t<\/li>\n\t\t\t\t\t\t\t\t<li >\n\t\t\t\t<a href=\"#tab-cont-435841a89aa1e8b5e1a52a967d0eb145-2\" data-toggle=\"tab\">\n\t\t\t\t\t\n\t\t\t\t\t\t\t\t\t\t<span>Taxa de inscriere<\/span>\n\t\t\t\t<\/a>\n\t\t\t<\/li>\n\t\t\t\t\t\t\t\t<li >\n\t\t\t\t<a href=\"#tab-cont-435841a89aa1e8b5e1a52a967d0eb145-3\" data-toggle=\"tab\">\n\t\t\t\t\t\n\t\t\t\t\t\t\t\t\t\t<span>Dosar inscriere<\/span>\n\t\t\t\t<\/a>\n\t\t\t<\/li>\n\t\t\t\t\t\t\t\t<li >\n\t\t\t\t<a href=\"#tab-cont-435841a89aa1e8b5e1a52a967d0eb145-4\" data-toggle=\"tab\">\n\t\t\t\t\t\n\t\t\t\t\t\t\t\t\t\t<span>Termen inscriere<\/span>\n\t\t\t\t<\/a>\n\t\t\t<\/li>\n\t\t\t\t\t\t\t\t<li >\n\t\t\t\t<a href=\"#tab-cont-435841a89aa1e8b5e1a52a967d0eb145-5\" data-toggle=\"tab\">\n\t\t\t\t\t\n\t\t\t\t\t\t\t\t\t\t<span>Cursuri pregatire<\/span>\n\t\t\t\t<\/a>\n\t\t\t<\/li>\n\t\t\t\t\t\t\t\t<li >\n\t\t\t\t<a href=\"#tab-cont-435841a89aa1e8b5e1a52a967d0eb145-6\" data-toggle=\"tab\">\n\t\t\t\t\t\n\t\t\t\t\t\t\t\t\t\t<span>Structura probelor<\/span>\n\t\t\t\t<\/a>\n\t\t\t<\/li>\n\t\t\t\t\t\t<\/ul>\n\n\t<div class=\"tab-content clearfix\">\n\t\t\t\t\t<div id=\"tab-cont-435841a89aa1e8b5e1a52a967d0eb145-1\"\n\t\t\t     class=\"tab-pane fade in active\">\n\t\t\t\t\n\t\t\t\t\t\t\t\t\t<p>Sesiunea ordinar\u0103 a Examenului de aptitudini se desf\u0103\u0219oar\u0103 \u00een zilele de:\u00a0<strong>20<\/strong>,\u00a0<strong>21<\/strong>\u00a0&amp;\u00a0<strong>28 martie<\/strong>\u00a0<strong>2026<\/strong>.<\/p><p>&nbsp;<\/p><div class=\"wp-block-buttons is-content-justification-center is-layout-flex wp-container-core-buttons-is-layout-16018d1d wp-block-buttons-is-layout-flex\"><div class=\"wp-block-button\"><a class=\"wp-block-button__link wp-element-button\" href=\"https:\/\/ceccar.ro\/ro\/wp-content\/uploads\/2026\/01\/EC-Programa-examen-aptitudini-martie-2026.pdf\" target=\"_blank\" rel=\"noreferrer noopener\">Programa Examenului de aptitudini martie 2026 \u2013 Exper\u021bi contabili<\/a><\/div><\/div><p>&nbsp;<\/p><div class=\"wp-block-buttons is-content-justification-center is-layout-flex wp-container-core-buttons-is-layout-16018d1d wp-block-buttons-is-layout-flex\"><div class=\"wp-block-button\"><a class=\"wp-block-button__link wp-element-button\" href=\"https:\/\/ceccar.ro\/ro\/wp-content\/uploads\/2026\/01\/CA-Programa-examen-aptitudini-martie-2026.pdf\" target=\"_blank\" rel=\"noreferrer noopener\">Programa Examenului de aptitudini martie 2026 \u2013 Contabili autoriza\u021bi<\/a><\/div><\/div>\t\t\t\t\t\t\t<\/div>\n\t\t\t\t\t\t<div id=\"tab-cont-435841a89aa1e8b5e1a52a967d0eb145-2\"\n\t\t\t     class=\"tab-pane fade \">\n\t\t\t\t\n\t\t\t\t\t\t\t\t\t<p>Taxe de \u00eenscriere:<\/p><p>\u2013 \u00a0Categoria expert contabil:\u00a0<strong>175 euro<\/strong>\u00a0(c\/v \u00een lei la cursul BNR din ziua pl\u0103\u0163ii);<\/p><p>\u2013 Categoria contabil autorizat:\u00a0<strong>125 euro<\/strong>\u00a0(c\/v \u00een lei la cursul BNR din ziua pl\u0103\u0163ii).<\/p><p>Taxa de \u00eenscriere se achit\u0103 \u00een\u00a0<strong><span style=\"font-size: 14pt;\"><a href=\"https:\/\/ceccar.ro\/ro\/wp-content\/uploads\/2026\/01\/Evidenta-IBAN-uri-filiale-CECCAR.pdf\" target=\"_blank\" rel=\"noreferrer noopener\">contul filialei de domiciliu<\/a>.<\/span><\/strong><\/p>\t\t\t\t\t\t\t<\/div>\n\t\t\t\t\t\t<div id=\"tab-cont-435841a89aa1e8b5e1a52a967d0eb145-3\"\n\t\t\t     class=\"tab-pane fade \">\n\t\t\t\t\n\t\t\t\t\t\t\t\t\t<div class=\"grid_24\"><div id=\"wrapper\"><div class=\"wrapper\"><div id=\"content1\" class=\"grid_24\"><div class=\"grid_24\"><div id=\"wrapper\"><div class=\"wrapper\"><div id=\"content1\" class=\"grid_24\"><div class=\"wp-block-stackable-tabs stk-block-tabs stk-block stk-de02a8d\" data-initial-tab=\"1\" data-block-id=\"de02a8d\"><div class=\"stk-row stk-inner-blocks stk-block-content stk-block-tabs--horizontal stk-block-tabs--fade stk-content-align stk-de02a8d-column\"><div class=\"wp-block-stackable-tab-content stk-block-tab-content stk-block stk-3c34f4f\" data-block-id=\"3c34f4f\"><div class=\"stk-row stk-inner-blocks stk-block-content stk-content-align stk-3c34f4f-column\"><div id=\"stk-block-tab-content-de02a8d-3\" class=\"wp-block-stackable-column stk-block-column stk-column stk-block stk-c6a8fa6\" tabindex=\"0\" role=\"tabpanel\" data-v=\"4\" data-block-id=\"c6a8fa6\" aria-labelledby=\"stk-block-tab-label-de02a8d-3\"><div class=\"stk-column-wrapper stk-block-column__content stk-container stk-c6a8fa6-container stk--no-background stk--no-padding\"><div class=\"stk-block-content stk-inner-blocks stk-c6a8fa6-inner-blocks\"><p>\u00censcrierea la examenul de aptitudini se face la filiala CECCAR \u00een cadrul c\u0103reia s-a efectuat stagiul sau la filiala de domiciliu, respectiv filiala \u00een care este luat \u00een eviden\u021b\u0103.<\/p><p>Pentru \u00eenscrierea la examenul de aptitudini, candidatul depune la sediul filialei CECCAR la care se \u00eenscrie un dosar care va cuprinde:<br \/>a)\u00a0<a title=\"\" href=\"https:\/\/ceccar.ro\/ro\/wp-content\/uploads\/2026\/01\/Cerere-inscriere-examen-aptitudini.pdf\" target=\"_blank\" rel=\"noopener\">cerere de \u00eenscriere la examenul de aptitudini<\/a>, semnat\u0103 olograf, \u00een original;<br \/>b) copie certificat\u0103 pentru conformitate cu originalul a diplomei care atest\u0103 finalizarea studiilor superioare \u00een cadrul unui program de studii universitare \u00een conformitate cu prevederile Legii educa\u021biei na\u021bionale nr. 1\/2011, cu modific\u0103rile \u0219i complet\u0103rile ulterioare, sau echivalent, \u00een \u0219tiin\u021be economice, pentru candida\u021bii \u00eenscri\u0219i la examenul de expert contabil, respectiv a diplomei de bacalaureat sau echivalent pentru candida\u021bii \u00eenscri\u0219i la examenul de contabil autorizat, recunoscute de ministerul de resort;<br \/>c) copie certificat\u0103 pentru conformitate cu originalul a actului de identitate;<br \/>d) copia certificatului de c\u0103s\u0103torie, \u00een cazul \u00een care numele \u00eenscris pe actele de studii nu coincide cu numele din actul de identitate, certificat\u0103 pentru conformitate cu originalul.<br \/>e) certificat de cazier judiciar valabil, \u00een original;<br \/>f) adeverin\u021b\u0103 medical\u0103 care s\u0103 ateste capacitatea de exerci\u021biu deplin\u0103, \u00een original;<br \/>g) dovada achit\u0103rii taxei de \u00eenscriere;<br \/>h) certificat de stagiu emis de filiala CECCAR \u00een cadrul c\u0103reia s-a efectuat stagiul, \u00een original;<br \/>i)\u00a0<a title=\"\" href=\"https:\/\/ceccar.ro\/ro\/wp-content\/uploads\/2026\/01\/Cerere-inscriere-ca-membru-CECCAR-cf.-pct-j-din-Regulament.pdf\" target=\"_blank\" rel=\"noopener\">cererea de \u00eenscriere ca membru CECCAR condi\u021bionat\u0103 de promovarea examenului de aptitudini<\/a>\u00a0(prev\u0103zut\u0103 de art. 15, alin. (2), lit.j. din Regulamentul de aptitudini), conform anexei;<br \/>j)\u00a0<a title=\"\" href=\"https:\/\/ceccar.ro\/ro\/wp-content\/uploads\/2026\/01\/Acord-GDPR-pentru-examen-aptitudini-2026.pdf\" target=\"_blank\" rel=\"noopener\">acordul GDPR<\/a>, conform anexei;<\/p><p>Certificarea copiei pentru conformitate cu originalul pentru documentele prev\u0103zute la lit. b) \u2013 d) se realizeaz\u0103 de c\u0103tre personalul CECCAR. Candidatul va prezenta la depunerea dosarului aceste documente \u00een original sau copie legalizat\u0103, iar dup\u0103 certificarea copiei pentru conformitate cu originalul, originalul sau copia legalizat\u0103 se returneaz\u0103 titularului.<\/p><\/div><\/div><\/div><\/div><\/div><\/div><\/div><\/div><\/div><\/div><\/div><\/div><\/div><\/div><\/div>\t\t\t\t\t\t\t<\/div>\n\t\t\t\t\t\t<div id=\"tab-cont-435841a89aa1e8b5e1a52a967d0eb145-4\"\n\t\t\t     class=\"tab-pane fade \">\n\t\t\t\t\n\t\t\t\t\t\t\t\t\t<div class=\"grid_24\"><div id=\"wrapper\"><div class=\"wrapper\"><div id=\"content1\" class=\"grid_24\"><div class=\"wp-block-stackable-tabs stk-block-tabs stk-block stk-de02a8d\" data-initial-tab=\"1\" data-block-id=\"de02a8d\"><div class=\"stk-row stk-inner-blocks stk-block-content stk-block-tabs--horizontal stk-block-tabs--fade stk-content-align stk-de02a8d-column\"><div class=\"wp-block-stackable-tab-content stk-block-tab-content stk-block stk-3c34f4f\" data-block-id=\"3c34f4f\"><div class=\"stk-row stk-inner-blocks stk-block-content stk-content-align stk-3c34f4f-column\"><div id=\"stk-block-tab-content-de02a8d-4\" class=\"wp-block-stackable-column stk-block-column stk-column stk-block stk-580349c\" tabindex=\"0\" role=\"tabpanel\" data-v=\"4\" data-block-id=\"580349c\" aria-labelledby=\"stk-block-tab-label-de02a8d-4\"><div class=\"stk-column-wrapper stk-block-column__content stk-container stk-580349c-container stk--no-background stk--no-padding\"><div class=\"stk-block-content stk-inner-blocks stk-580349c-inner-blocks\"><p><strong>6 martie 2026<\/strong>\u00a0\u2013 Termenul-limit\u0103 pentru depunerea dosarului de \u00eenscriere la sesiunea ordinar\u0103 a examenului de aptitudini<\/p><p>&nbsp;<\/p><\/div><\/div><\/div><\/div><\/div><\/div><\/div><p>&nbsp;<\/p><\/div><\/div><div class=\"clear\"><\/div><\/div><\/div>\t\t\t\t\t\t\t<\/div>\n\t\t\t\t\t\t<div id=\"tab-cont-435841a89aa1e8b5e1a52a967d0eb145-5\"\n\t\t\t     class=\"tab-pane fade \">\n\t\t\t\t\n\t\t\t\t\t\t\t\t\t<div class=\"grid_24\"><div id=\"wrapper\"><div class=\"wrapper\"><div id=\"content1\" class=\"grid_24\"><div class=\"wp-block-stackable-tabs stk-block-tabs stk-block stk-de02a8d\" data-initial-tab=\"1\" data-block-id=\"de02a8d\"><div class=\"stk-row stk-inner-blocks stk-block-content stk-block-tabs--horizontal stk-block-tabs--fade stk-content-align stk-de02a8d-column\"><div class=\"wp-block-stackable-tab-content stk-block-tab-content stk-block stk-3c34f4f\" data-block-id=\"3c34f4f\"><div class=\"stk-row stk-inner-blocks stk-block-content stk-content-align stk-3c34f4f-column\"><div id=\"stk-block-tab-content-de02a8d-5\" class=\"wp-block-stackable-column stk-block-column stk-column stk-block stk-2200706\" tabindex=\"0\" role=\"tabpanel\" data-v=\"4\" data-block-id=\"2200706\" aria-labelledby=\"stk-block-tab-label-de02a8d-5\"><div class=\"stk-column-wrapper stk-block-column__content stk-container stk-2200706-container stk--no-background stk--no-padding\"><div class=\"stk-block-content stk-inner-blocks stk-2200706-inner-blocks\"><p>Pentru a sprijini preg\u0103tirea candida\u021bilor \u00eenscri\u0219i la sesiunea ordinar\u0103 a examenului de aptitudini, CECCAR va organiza\u00a0<strong>cursuri de preg\u0103tire \u00eencep\u00e2nd cu data de 24 februarie 2026<\/strong>.<\/p><p>Participarea la cursurile de preg\u0103tire este\u00a0<strong>gratuit\u0103 pentru candida\u021bii care depun dosarul de \u00eenscriere p\u00e2n\u0103 la 20 februarie 2026<\/strong>.<\/p><\/div><\/div><\/div><\/div><\/div><\/div><\/div><\/div><\/div><\/div><\/div>\t\t\t\t\t\t\t<\/div>\n\t\t\t\t\t\t<div id=\"tab-cont-435841a89aa1e8b5e1a52a967d0eb145-6\"\n\t\t\t     class=\"tab-pane fade \">\n\t\t\t\t\n\t\t\t\t\t\t\t\t\t<p><img loading=\"lazy\" decoding=\"async\" class=\"alignnone wp-image-12315\" src=\"https:\/\/ceccarbotosani.ro\/ro\/wp-content\/uploads\/2026\/02\/1-300x234.png\" alt=\"\" width=\"460\" height=\"358\" srcset=\"https:\/\/ceccarbotosani.ro\/ro\/wp-content\/uploads\/2026\/02\/1-300x234.png 300w, https:\/\/ceccarbotosani.ro\/ro\/wp-content\/uploads\/2026\/02\/1-768x600.png 768w, https:\/\/ceccarbotosani.ro\/ro\/wp-content\/uploads\/2026\/02\/1.png 830w\" sizes=\"auto, (max-width: 460px) 100vw, 460px\" \/><\/p>\t\t\t\t\t\t\t<\/div>\n\t\t\t\t<\/div>\n<\/div><div class=\"fw-divider-space space-sm  clearfix\"  ><\/div>\t\t<\/div>\n\t<\/div>\n<\/div><\/div>\n\n\t<\/div>\n\t<\/section>\n","protected":false},"excerpt":{"rendered":"<p>Examenul de aptitudini Sustinere Examen Taxa de inscriere Dosar inscriere Termen inscriere Cursuri pregatire Structura probelor Sesiunea ordinar\u0103 a Examenului de aptitudini se desf\u0103\u0219oar\u0103 \u00een zilele de:\u00a020,\u00a021\u00a0&amp;\u00a028 martie\u00a02026.&nbsp;Programa Examenului de aptitudini martie 2026 \u2013 Exper\u021bi [&hellip;]<\/p>\n","protected":false},"author":1,"featured_media":0,"parent":288,"menu_order":0,"comment_status":"closed","ping_status":"closed","template":"visual-builder-template.php","meta":{"footnotes":""},"class_list":["post-298","page","type-page","status-publish","hentry"],"brizy_media":[],"_links":{"self":[{"href":"https:\/\/ceccarbotosani.ro\/ro\/wp-json\/wp\/v2\/pages\/298","targetHints":{"allow":["GET"]}}],"collection":[{"href":"https:\/\/ceccarbotosani.ro\/ro\/wp-json\/wp\/v2\/pages"}],"about":[{"href":"https:\/\/ceccarbotosani.ro\/ro\/wp-json\/wp\/v2\/types\/page"}],"author":[{"embeddable":true,"href":"https:\/\/ceccarbotosani.ro\/ro\/wp-json\/wp\/v2\/users\/1"}],"replies":[{"embeddable":true,"href":"https:\/\/ceccarbotosani.ro\/ro\/wp-json\/wp\/v2\/comments?post=298"}],"version-history":[{"count":21,"href":"https:\/\/ceccarbotosani.ro\/ro\/wp-json\/wp\/v2\/pages\/298\/revisions"}],"predecessor-version":[{"id":12321,"href":"https:\/\/ceccarbotosani.ro\/ro\/wp-json\/wp\/v2\/pages\/298\/revisions\/12321"}],"up":[{"embeddable":true,"href":"https:\/\/ceccarbotosani.ro\/ro\/wp-json\/wp\/v2\/pages\/288"}],"wp:attachment":[{"href":"https:\/\/ceccarbotosani.ro\/ro\/wp-json\/wp\/v2\/media?parent=298"}],"curies":[{"name":"wp","href":"https:\/\/api.w.org\/{rel}","templated":true}]}}