{"id":314,"date":"2017-10-30T09:37:18","date_gmt":"2017-10-30T09:37:18","guid":{"rendered":"https:\/\/ceccarbotosani.ro\/ro\/?page_id=314"},"modified":"2025-09-30T13:41:50","modified_gmt":"2025-09-30T11:41:50","slug":"dezvoltare-profesionala","status":"publish","type":"page","link":"https:\/\/ceccarbotosani.ro\/ro\/membri\/sunt-membru-ceccar\/dezvoltare-profesionala\/","title":{"rendered":"Dezvoltare profesional\u0103"},"content":{"rendered":"<section   class=\"fw-main-row  auto  fw-section-position-back\"    >\n\t\t\t<div class=\"fw-container\" >\n\t\t<div class=\"fw-row\">\n\t<div id=\"column-69e349a88fe89\" class=\"fw-col-sm-12 tf-sh-4bf7de7076824fb4c351a6d1039d0743\" >\n\t<div class=\"fw-wrap-col-inner clearfix  \"   >\n\t\t\t\t<div class=\"fw-col-inner\">\n\t\t\t<div class=\"fw-text-box tf-sh-b4a496c23a94b122350f1c9e2210e50c \" >\n\t<div class=\"fw-text-inner\">\n\t\t<p><strong><span style=\"font-size: 12pt;\">Dezvoltare profesionala<br \/><\/span><\/strong><\/p>\n\t<\/div>\n<\/div><div class=\"fw-divider-space space-sm  clearfix\"  ><\/div><div class=\"tf-sh-435841a89aa1e8b5e1a52a967d0eb145 fw-tabs fw-tabs-minimal fw-tabs-top \" >\n\t<ul class=\"nav nav-tabs nav-justified\">\n\t\t\t\t\t<li class=\"active\">\n\t\t\t\t<a href=\"#tab-cont-435841a89aa1e8b5e1a52a967d0eb145-1\" data-toggle=\"tab\">\n\t\t\t\t\t\n\t\t\t\t\t\t\t\t\t\t<span>Informa\u0163ii utile<\/span>\n\t\t\t\t<\/a>\n\t\t\t<\/li>\n\t\t\t\t\t\t\t\t<li >\n\t\t\t\t<a href=\"#tab-cont-435841a89aa1e8b5e1a52a967d0eb145-2\" data-toggle=\"tab\">\n\t\t\t\t\t\n\t\t\t\t\t\t\t\t\t\t<span>Programul Na\u0163ional de Dezvoltare Profesional\u0103 Continu\u0103<\/span>\n\t\t\t\t<\/a>\n\t\t\t<\/li>\n\t\t\t\t\t\t\t\t<li >\n\t\t\t\t<a href=\"#tab-cont-435841a89aa1e8b5e1a52a967d0eb145-3\" data-toggle=\"tab\">\n\t\t\t\t\t\n\t\t\t\t\t\t\t\t\t\t<span>Calendar cursuri, seminarii, \u00eentruniri profesionale<\/span>\n\t\t\t\t<\/a>\n\t\t\t<\/li>\n\t\t\t\t\t\t\t\t<li >\n\t\t\t\t<a href=\"#tab-cont-435841a89aa1e8b5e1a52a967d0eb145-4\" data-toggle=\"tab\">\n\t\t\t\t\t\n\t\t\t\t\t\t\t\t\t\t<span>Echivalare ore preg\u0103tire profesional\u0103<\/span>\n\t\t\t\t<\/a>\n\t\t\t<\/li>\n\t\t\t\t\t\t<\/ul>\n\n\t<div class=\"tab-content clearfix\">\n\t\t\t\t\t<div id=\"tab-cont-435841a89aa1e8b5e1a52a967d0eb145-1\"\n\t\t\t     class=\"tab-pane fade in active\">\n\t\t\t\t\n\t\t\t\t\t\t\t\t\t<div style=\"text-align: center;\"><span style=\"font-size: 18pt;\"><strong>Actualizari privind efectuarea cursurilor<\/strong><\/span><\/div><div style=\"text-align: left;\"><\/div><div><p><strong>\u00censcrierile la cursurile de preg\u0103tire profesional\u0103<\/strong> organizate de CECCAR se realizeaz\u0103 <strong>exclusiv&nbsp;<\/strong>prin&nbsp;<strong>platforma de eviden\u021b\u0103&nbsp;a membrilor<\/strong>, disponibil\u0103 la adresa&nbsp;<strong><a href=\"http:\/\/raport.ceccar.ro\/\" target=\"_blank\" rel=\"noopener\">raport.ceccar.ro<\/a><\/strong>. Ulterior ocup\u0103rii tuturor locurilor disponibile, op\u021biunea de \u00eenscriere la curs&nbsp;nu va mai fi afi\u0219at\u0103 \u00een platform\u0103.<\/p><p><strong>Linkul de conectare<\/strong>&nbsp;la curs \u00eel ve\u021bi primi cu aproximativ 1 or\u0103 \u00eenaintea \u00eenceperii&nbsp;cursului pe adresa de e-mail cu care a\u021bi f\u0103cut \u00eenregistrarea la curs. Linkul va fi transmis&nbsp;de la adresa de e-mail aferent\u0103 contului de Zoom al CECCAR.<\/p><p><strong>ATEN\u021aIE!&nbsp;<em>Linkul de acces la curs este unic, personalizat pentru fiecare membru. Nu este permis\u0103 transmiterea linkului c\u0103tre alte persoane.<\/em><\/strong><\/p><\/div><div><strong>Pentru \u00eenscrierea la cursurile de preg\u0103tire profesional\u0103, v\u0103&nbsp;rug\u0103m s\u0103<br \/>urma\u021bi \u00eentocmai pa\u0219ii din tutorial.<\/strong><\/div><div><\/div><div><\/div><div><strong> <a href=\"https:\/\/ceccar.ro\/ro\/wp-content\/uploads\/2025\/09\/tutorial-INSCRIERE-CURS-membri.pdf\">Tutorial<\/a><\/strong><\/div><div><\/div><div><\/div><div>\u00centruc\u00e2t&nbsp;<strong>eviden\u021ba orelor de curs efectuate<\/strong>&nbsp;<strong>se realizeaz\u0103&nbsp;automat av\u00e2nd la baz\u0103 adresa de e-mail<\/strong>, va rug\u0103m s\u0103&nbsp;acorda\u021bi&nbsp;aten\u021bie sporit\u0103 complet\u0103rii acesteia. Adresa de e-mail cu care v\u0103 \u00eenregistra\u021bi \u0219i participa\u021bi la curs poate fi diferit\u0103 de cea folosit\u0103 \u00een rela\u021bia cu CECCAR.<\/div><div>Nu este permis\u0103 \u00eenscrierea la dou\u0103 sau mai multe cursuri cu aceea\u0219i tem\u0103. \u00cen cazul \u00eenscrierilor multiple, organizatorii vor p\u0103stra, \u00een mod aleatoriu, o singur\u0103 \u00eenscriere.<\/div><div>Nu este permis\u0103 conectarea concomitent\u0103 a aceluia\u0219i membru pe mai multe dispozitive \u00een cadrul aceluia\u0219i curs, av\u00e2nd \u00een vedere c\u0103 fiecare conexiune reprezint\u0103 un utilizator, iar num\u0103rul de locuri este limitat.<\/div><div><strong>Pentru moment, platforma nu permite \u00eenscrierea la curs de pe telefon mobil sau tablet\u0103<\/strong><\/div><p>&nbsp;<\/p><hr \/><p style=\"text-align: justify;\">Potrivit Metodologiei de acordare a vizei anuale pentru exercitarea profesiei, forma actualizat\u0103 cu modific\u0103rile aprobate de plenul Conferin\u0163ei Na\u0163ionale din 30 martie 2019, art.3 lit g) <em>\u201dViza anual\u0103 pentru exercitarea profesiei de c\u0103tre exper\u021bii contabili \u015fi contabilii autoriza\u0163i se acord\u0103 dac\u0103 au fost \u00eendeplinite cumulativ urm\u0103toarele condi\u021bii: (\u2026) g) parcurgerea programului de formare profesional\u0103 continu\u0103 organizat de CECCAR, conform PNDPC.\u201d<\/em><\/p><p style=\"text-align: justify;\">Potrivit art. 1 pct. A.1 din Sistemul de cotiza\u0163ii \u00een cadrul CECCAR forma actualizat\u0103 cu modific\u0103rile aprobate de plenul Conferin\u0163ei Na\u0163ionale din 30 martie 2019, <em>\u201c\u00een baza cotiza\u0163iei anuale achitate, membrii beneficiaz\u0103 gratuit <strong>doar pentru anul aferent cotiza\u021biei<\/strong>, de cursurile de formare profesional\u0103 continu\u0103\u201d.<\/em><\/p><p style=\"text-align: justify;\">Astfel, membrii care nu particip\u0103 la cursurile de formare profesional\u0103 continu\u0103 conform PNDPC, aferente anului \u00een curs, nu mai beneficiaz\u0103 de gratuitate.<\/p><p>Tariful pentru efectuarea cursurilor restante este de 50 lei \/ 10 ore + TVA.<\/p><p>&nbsp;<\/p><p>REGULI DE PARTICIPARE LA CURSURILE DESF\u0102\u0218URATE \u00ceN SISTEM ON-LINE<\/p><ul><li>Participantul trebuie s\u0103 se conecteze la un dispozitiv (desktop, laptop, tablet\u0103, smartphone) cu acces la internet, iar dispozitivul respectiv s\u0103 fie dotat cu camera web \u0219i microfon, func\u021bionale pe toat\u0103 perioada cursului.<\/li><li>Cursul se acceseaz\u0103 prin intermediul linkului pus la dispozi\u021bie de filiala CECCAR \u0219i doar \u00een urma acceptului dat de aceasta.<\/li><li>Participantul trebuie s\u0103 asigure condi\u021biile specifice particip\u0103rii la un curs \u00een sistem clasic, respectiv de a se afla \u00eentr-un spa\u021biu \u00eenchis (de tip birou) \u0219i lini\u0219tit pe toat\u0103 perioada \u00eent\u00e2lnirii.<\/li><li>\u00cen primele 60 minute ale cursului, participantul trebuie s\u0103 acceseze chatul platformei, \u00een cadrul c\u0103ruia va men\u021biona numele, prenumele, filiala, num\u0103rul de carnet. Aceasta este o condi\u021bie obligatorie pentru atestarea particip\u0103rii la<br \/>curs.<\/li><li>Pentru a avea dovada particip\u0103rii la curs, fiecare participant va men\u021bine camera web pe modul func\u021bional pe toat\u0103 durata cursului.<\/li><li>\u00cen timpul cursului, participantul va avea microfonul setat pe modul \u201eMute\u201d (oprit), urm\u00e2nd sa \u00eel porneasc\u0103 (\u201eUnmute\u201d) doar atunci c\u00e2nd dore\u0219te s\u0103 intervin\u0103 sau la solicitarea lectorului.<\/li><li>Interven\u021biile participantului \u00een timpul cursului trebuie s\u0103 fie \u00een concordan\u021b\u0103 cu tematica \u00eent\u00e2lnirii de preg\u0103tire profesional\u0103 continu\u0103.<\/li><li>Participantul poate adresa \u00eentreb\u0103ri sau poate cere clarific\u0103ri\/complet\u0103ri \u0219i prin intermediul func\u021biei \u201eChat\u201d.<\/li><li>La finalul cursului, participantul va completa testul pus la dispozi\u021bie de lector, fiind atent s\u0103 finalizeze acest lucru prin trimiterea lui \u00een timpul comunicat de lector (ulterior platforma se \u00eenchide, iar testul nu mai poate fi trimis).<\/li><li>Testul poate fi trimis de fiecare participant o singur\u0103 dat\u0103. Dup\u0103 ap\u0103sarea butonului \u201eTrimitere\u201d, testul nu mai poate fi retrimis. Aceasta este o condi\u021bie obligatorie pentru atestarea particip\u0103rii la curs.<\/li><li>Cursul va fi \u00eenregistrat, f\u0103r\u0103 ca acest lucru s\u0103 presupun\u0103 o utilizare ulterioar\u0103 a \u00eenregistr\u0103rii.<\/li><\/ul>\t\t\t\t\t\t\t<\/div>\n\t\t\t\t\t\t<div id=\"tab-cont-435841a89aa1e8b5e1a52a967d0eb145-2\"\n\t\t\t     class=\"tab-pane fade \">\n\t\t\t\t\n\t\t\t\t\t\t\t\t\t<table style=\"width: 100%;\" border=\"0\"><tbody><tr><td align=\"left\" valign=\"top\"><p style=\"text-align: justify;\"><strong>Programul Na\u0163ional de Dezvoltare Profesional\u0103 Continu\u0103, edi\u0163ia a IV-a, revizuit\u0103<\/strong><\/p><p style=\"text-align: justify;\">CECCAR organizeaz\u0103 diferite forme de educa\u0163ie pentru profesioni\u015ftii contabili prin intermediul <a href=\"http:\/\/ceccar.ro\/ro\/wp-content\/uploads\/2015\/11\/PNDPC-ed-IV-2015.pdf\" target=\"_blank\" rel=\"noopener\">Programului Na\u0163ional de Dezvoltare Profesionala Continu\u0103<\/a> la nivelul celor 42 de filiale teritoriale ale Corpului.<\/p><p style=\"text-align: justify;\">Conform Standardului profesional nr. 38 emis de CECCAR, \u00een vederea men\u0163inerii unui grad ridicat de preg\u0103tire \u015fi competen\u0163\u0103 \u00een activitate, to\u0163i profesioni\u015ftii contabili sunt obliga\u0163i s\u0103 efectueze orele de preg\u0103tire profesional\u0103 necesare ob\u0163inerii\u00a0 vizei anuale la disciplinele prev\u0103zute \u00een cadrul Programului Na\u0163ional de Dezvoltare Profesional\u0103 Continu\u0103.<\/p><p style=\"text-align: justify;\">Profesioni\u015ftii contabili membrii CECCAR sunt obliga\u0163i, la acordarea vizei anuale, s\u0103 completeze o declara\u0163ie pe propria r\u0103spundere \u00een ce prive\u015fte respectarea normelor de deontologie profesional\u0103 \u015fi frecventarea cursurilor de preg\u0103tire profesional\u0103 organizate de filial\u0103 sau institu\u0163iile, respectiv organismele profesionale recunoscute de CECCAR.<\/p><p style=\"text-align: justify;\">Informa\u0163iile despre organizarea cursurilor de preg\u0103tire profesional\u0103 \u015fi despre Calendarul cursurilor le pute\u0163i g\u0103si prin contactarea <a href=\"http:\/\/ceccar.ro\/ro\/?page_id=455\" target=\"_blank\" rel=\"noopener\">filialelor CECCAR<\/a>.<\/p><\/td><td align=\"left\" valign=\"top\"><a href=\"http:\/\/ceccar.ro\/ro\/wp-content\/uploads\/2011\/09\/Coperta-PNDPC-2015.bmp\"><img loading=\"lazy\" decoding=\"async\" class=\"aligncenter size-full wp-image-5256\" title=\"Coperta PNDPC 2015\" src=\"http:\/\/ceccar.ro\/ro\/wp-content\/uploads\/2011\/09\/Coperta-PNDPC-2015.bmp\" alt=\"\" width=\"310\" height=\"448\" \/><\/a><\/td><\/tr><\/tbody><\/table>\t\t\t\t\t\t\t<\/div>\n\t\t\t\t\t\t<div id=\"tab-cont-435841a89aa1e8b5e1a52a967d0eb145-3\"\n\t\t\t     class=\"tab-pane fade \">\n\t\t\t\t\n\t\t\t\t\t\t\t\t\t<p style=\"text-align: center;\"><strong>ACTIVIT\u0102\u021aI \u00a0DE DEZVOLTARE PROFESIONAL\u0102 CONTINU\u0102<\/strong><\/p><p><strong>\u00a0<\/strong><\/p><p>Tema: <strong><em>Modific\u0103ri fiscale de referin\u021b\u0103 \u00een partea a doua a anului 2025\u00a0<\/em>(5\u00a0ore CPD) <\/strong><\/p><p>\u00censcrierea se realizeaz\u0103 prin platforma raport.ceccar.ro.<\/p><p>Termenul-limit\u0103 pentru \u00eenscriere este cu dou\u0103 ore \u00eenainte de \u00eenceperea cursului, \u00een limita locurilor disponibile.<\/p><p>&nbsp;<\/p><p><strong><u>Program <\/u><\/strong><\/p><p><strong>13 octombrie, interval orar 17:00-19:30<\/strong><\/p><hr \/><p style=\"text-align: center;\"><strong>CURSURI DE PREG\u0102TIRE PROFESIONAL\u0102<\/strong><br \/><strong>PERIOADA 09 DECEMBRIE - 23 DECEMBRIE 2019<\/strong><\/p><p><strong>CONTABILITATE\/FISCALITATE\/IFRS\/AUDIT\/DREPT\/MARKETING\/EXPERTIZA CONTABILA<\/strong><\/p><p>Pentru completarea formularului de \u00eenscriere \u0219i transmiterea acestuia, v\u0103 rug\u0103m s\u0103 accesa\u021bi butonul (click aici) din lista de mai jos, \u00een func\u021bie de perioada \u0219i de sala unde dori\u021bi s\u0103 participa\u021bi:<\/p><p><strong>09.12.2019 - 12.12.2019 <\/strong><strong>Amfiteatrul Trancu Ia<\/strong><strong>\u0219i CECCAR Filiala Bucure\u0219ti\u00a0 -\u00a0 <a href=\"https:\/\/docs.google.com\/forms\/d\/1VtfnOr-D1MLydfm1Nnjpp_fTMNaLqHR7GRnA2NoXbGk\/edit\">click aici<\/a><\/strong><\/p><p><strong>09.12.2019 - 12.12.2019 Sala Spiridon Iacobescu CECCAR Aparatul Central - \u00a0<a href=\"https:\/\/docs.google.com\/forms\/d\/12ocwJNBYiG2RB6zYxcMQLCH2OjEMDxyCQRtIixdfV_Q\/edit\">click aici<\/a><\/strong><\/p><p><strong>16.12.2019 - 19.12.2019 <\/strong><strong>Amfiteatrul Trancu Ia<\/strong><strong>\u0219i CECCAR Filiala Bucure\u0219ti\u00a0 -\u00a0 <a href=\"https:\/\/docs.google.com\/forms\/d\/1LDQf2glJ0L_2RL66N56ytWnVG714cXHaTKTOl1KTBKI\/edit\">click aici<\/a><\/strong><\/p><p><strong>16.12.2019 - 19.12.2019 Sala Spiridon Iacobescu CECCAR Aparatul Central - \u00a0<a href=\"https:\/\/docs.google.com\/forms\/d\/1Cbn0x9T5vwTwFHYg6fgZEKz1wYBufc6JEm_UmXIZ5p8\/edit\">click aici<\/a><\/strong><\/p><p><strong>20.12.2019 - 23.12.2019 <\/strong><strong>Amfiteatrul Trancu Ia<\/strong><strong>\u0219i CECCAR Filiala Bucure\u0219ti\u00a0 -\u00a0 <a href=\"https:\/\/docs.google.com\/forms\/d\/1u__GosxJHIyRIFPLKYh7535_TJh-jPL5ukbZp8fpn1A\/edit\">click aici<\/a><\/strong><\/p><p><strong>20.12.2019 - 23.12.2019 Sala Spiridon Iacobescu CECCAR Aparatul Central - \u00a0<a href=\"https:\/\/docs.google.com\/forms\/d\/1D_Av7wwSrzl2NajyWO9NbCfe9hMv5dSeLrMHInlAZDI\/edit\">click aici<\/a><\/strong><\/p><p><u><strong>Nota:<\/strong><\/u> <strong> Cursurile care sunt programate \u00een zilele de Luni - Vineri vor \u00eencepe la orele 16:30, iar cele care sunt programate \u00een zilele de S\u00e2mb\u0103t\u0103 - Duminic\u0103 vor \u00eencepe la orele 09:30.<\/strong><\/p><p>\u00cen vederea particip\u0103rii la preg\u0103tirea profesional\u0103 anual\u0103 obligatorie, v\u0103 supunem aten\u021biei urm\u0103toarele aspecte:<\/p><p>Accesul \u00een sala de curs se va permite doar membrilor care au efectuat \u00eenscrierea prin intermediul formularului on-line. Persoanele care intr\u0103 la curs far\u0103 a fi \u00eenscrise, nu vor avea posibilitatea s\u0103 sus\u021bin\u0103 testul \u0219i s\u0103 semneze prezen\u021ba.<\/p><p>Prezen\u021ba se realizeaz\u0103 \u00een baza actului de identitate sau a carnetului de membru. Persoanele care refuz\u0103 s\u0103 se legitimeze, nu vor avea acces \u00een sal\u0103.<\/p><p>Fiecare test trebuie s\u0103 con\u021bin\u0103 \u00een mod obligatoriu semn\u0103tura, numele \u0219i num\u0103rul de carnet.<\/p><p>Persoanele care se \u00eenscriu la un curs \u0219i ulterior nu se prezint\u0103, \u00een cazul \u00een care nu anun\u021b\u0103 \u00een scris, motivat, cu minim 24 ore \u00eenainte de \u00eenceperea cursului, \u00ee\u0219i asum\u0103 responsabilitatea consecin\u021belor ulterioare.<\/p>\t\t\t\t\t\t\t<\/div>\n\t\t\t\t\t\t<div id=\"tab-cont-435841a89aa1e8b5e1a52a967d0eb145-4\"\n\t\t\t     class=\"tab-pane fade \">\n\t\t\t\t\n\t\t\t\t\t\t\t\t\t<p>Referitor la preg\u0103tirea profesional\u0103 anual\u0103 necesar\u0103 ob\u021binerii vizei de exercitare a profesiei \u00een anul 2019, v\u0103 comunic\u0103m c\u0103 <u>to\u021bi membrii<\/u> trebuie s\u0103 parcurg\u0103 orele de formare profesional\u0103 pentru anul 2018 (40 ore\/an).<\/p><ul><li>Membrii activi ai CECCAR care au efectuat orele de preg\u0103tire profesional\u0103 ca membrii activi ai Camerei Auditorilor Financiari din Rom\u00e2nia (CAFR), <u>pot beneficia<\/u> de echivalarea unui num\u0103r de maxim 16 ore preg\u0103tire profesional\u0103, urm\u00e2nd ca diferen\u021ba de 24 ore s\u0103 se efectueze \u00een cadrul CECCAR;<\/li><li>Membrii activi ai CECCAR care au efectuat orele de preg\u0103tire profesional\u0103 ca membrii activi ai Camerei Consultan\u021bilor Fiscali (CCF), <u>pot beneficia<\/u> de echivalarea unui num\u0103r de maxim 10 ore preg\u0103tire profesional\u0103, urm\u00e2nd ca diferen\u021ba de 30 ore s\u0103 se efectueze \u00een cadrul CECCAR;<\/li><li>Membrii CECCAR care au efectuat \u00een anul 2018 ore de preg\u0103tire profesional\u0103 ca membrii ai Association of Chartered Certified Accountants (ACCA), <u>nu pot beneficia<\/u> de echivalarea acestora \u00een vederea ob\u021binerii vizei de exercitare a profesiei pentru anul 2019, \u00een acest sens fiind necesar\u0103 parcurgerea orelor de preg\u0103tire profesional\u0103 \u00een cadrul CECCAR.<\/li><\/ul>\t\t\t\t\t\t\t<\/div>\n\t\t\t\t<\/div>\n<\/div><div class=\"fw-divider-space space-sm  clearfix\"  ><\/div>\t\t<\/div>\n\t<\/div>\n<\/div><\/div>\n\n\t<\/div>\n\t<\/section>\n","protected":false},"excerpt":{"rendered":"<p>Dezvoltare profesionala Informa\u0163ii utile Programul Na\u0163ional de Dezvoltare Profesional\u0103 Continu\u0103 Calendar cursuri, seminarii, \u00eentruniri profesionale Echivalare ore preg\u0103tire profesional\u0103 Actualizari privind efectuarea cursurilor\u00censcrierile la cursurile de preg\u0103tire profesional\u0103 organizate de CECCAR se realizeaz\u0103 exclusiv&nbsp;prin&nbsp;platforma de [&hellip;]<\/p>\n","protected":false},"author":1,"featured_media":0,"parent":310,"menu_order":0,"comment_status":"closed","ping_status":"closed","template":"visual-builder-template.php","meta":{"footnotes":""},"class_list":["post-314","page","type-page","status-publish","hentry"],"brizy_media":[],"_links":{"self":[{"href":"https:\/\/ceccarbotosani.ro\/ro\/wp-json\/wp\/v2\/pages\/314","targetHints":{"allow":["GET"]}}],"collection":[{"href":"https:\/\/ceccarbotosani.ro\/ro\/wp-json\/wp\/v2\/pages"}],"about":[{"href":"https:\/\/ceccarbotosani.ro\/ro\/wp-json\/wp\/v2\/types\/page"}],"author":[{"embeddable":true,"href":"https:\/\/ceccarbotosani.ro\/ro\/wp-json\/wp\/v2\/users\/1"}],"replies":[{"embeddable":true,"href":"https:\/\/ceccarbotosani.ro\/ro\/wp-json\/wp\/v2\/comments?post=314"}],"version-history":[{"count":38,"href":"https:\/\/ceccarbotosani.ro\/ro\/wp-json\/wp\/v2\/pages\/314\/revisions"}],"predecessor-version":[{"id":11853,"href":"https:\/\/ceccarbotosani.ro\/ro\/wp-json\/wp\/v2\/pages\/314\/revisions\/11853"}],"up":[{"embeddable":true,"href":"https:\/\/ceccarbotosani.ro\/ro\/wp-json\/wp\/v2\/pages\/310"}],"wp:attachment":[{"href":"https:\/\/ceccarbotosani.ro\/ro\/wp-json\/wp\/v2\/media?parent=314"}],"curies":[{"name":"wp","href":"https:\/\/api.w.org\/{rel}","templated":true}]}}