{"id":332,"date":"2017-10-30T10:00:46","date_gmt":"2017-10-30T08:00:46","guid":{"rendered":"https:\/\/ceccarbotosani.ro\/ro\/?page_id=332"},"modified":"2019-11-12T15:18:07","modified_gmt":"2019-11-12T13:18:07","slug":"autorizarea-si-activitatea-societatilor-de-expertiza-contabila-si-contabilitate","status":"publish","type":"page","link":"https:\/\/ceccarbotosani.ro\/ro\/membri\/autorizarea-si-activitatea-societatilor-de-expertiza-contabila-si-contabilitate\/","title":{"rendered":"Societ\u0103\u0163i de expertiz\u0103 contabil\u0103 \u015fi contabilitate"},"content":{"rendered":"<section   class=\"fw-main-row  auto  fw-section-position-back\"    >\n\t\t\t<div class=\"fw-container\" >\n\t\t<div class=\"fw-row\">\n\t<div id=\"column-69d7b7df27edd\" class=\"fw-col-sm-12 tf-sh-2d6908ceb28c160426878497d8edb2f5\" >\n\t<div class=\"fw-wrap-col-inner clearfix  \"   >\n\t\t\t\t<div class=\"fw-col-inner\">\n\t\t\t<div class=\"fw-text-box tf-sh-d6814657c82f87ec9b13d2c144d6f523 \" >\n\t<div class=\"fw-text-inner\">\n\t\t<p><strong>Societ\u0103\u0163i de expertiz\u0103 contabil\u0103 \u015fi contabilitate<\/strong><\/p>\n\t<\/div>\n<\/div><div class=\"fw-divider-space space-sm  clearfix\"  ><\/div>\t\t<\/div>\n\t<\/div>\n<\/div><\/div>\n\n<div class=\"fw-row\">\n\t<div id=\"column-69d7b7df292fc\" class=\"fw-col-sm-4 tf-sh-bd971c0237e3594be43b5164fe4c59e7\" >\n\t<div class=\"fw-wrap-col-inner clearfix  \"   >\n\t\t\t\t<div class=\"fw-col-inner\">\n\t\t\t\t<a href=\"https:\/\/ceccarbotosani.ro\/ro\/membri\/autorizarea-si-activitatea-societatilor-de-expertiza-contabila-si-contabilitate\/inscrierea-societatilor-de-expertiza-contabila-si-contabilitate\/\" target=\"_self\" class=\"fw-btn tf-sh-0f64ed9930a653397a03dfd778b79fc1 fw-btn-full fw-btn-lg   fw-btn-1\"  style=\"\">\n\t\t<span >\n\t\t\t\u00censcrierea societ\u0103\u0163ilor\t\t<\/span>\n\t<\/a>\n\t\t<\/div>\n\t<\/div>\n<\/div><\/div>\n\n<div class=\"fw-row\">\n\t<div id=\"column-69d7b7df29c23\" class=\"fw-col-sm-12 tf-sh-3e08f9467d561fa2c6d5653397b5d792\" >\n\t<div class=\"fw-wrap-col-inner clearfix  \"   >\n\t\t\t\t<div class=\"fw-col-inner\">\n\t\t\t<div class=\"fw-divider-space space-md  clearfix\"  ><\/div>\t\t<\/div>\n\t<\/div>\n<\/div><\/div>\n\n\t<\/div>\n\t<\/section>\n","protected":false},"excerpt":{"rendered":"<p>Societ\u0103\u0163i de expertiz\u0103 contabil\u0103 \u015fi contabilitate \u00censcrierea societ\u0103\u0163ilor<\/p>\n","protected":false},"author":1,"featured_media":0,"parent":286,"menu_order":3,"comment_status":"closed","ping_status":"closed","template":"visual-builder-template.php","meta":{"footnotes":""},"class_list":["post-332","page","type-page","status-publish","hentry"],"brizy_media":[],"_links":{"self":[{"href":"https:\/\/ceccarbotosani.ro\/ro\/wp-json\/wp\/v2\/pages\/332","targetHints":{"allow":["GET"]}}],"collection":[{"href":"https:\/\/ceccarbotosani.ro\/ro\/wp-json\/wp\/v2\/pages"}],"about":[{"href":"https:\/\/ceccarbotosani.ro\/ro\/wp-json\/wp\/v2\/types\/page"}],"author":[{"embeddable":true,"href":"https:\/\/ceccarbotosani.ro\/ro\/wp-json\/wp\/v2\/users\/1"}],"replies":[{"embeddable":true,"href":"https:\/\/ceccarbotosani.ro\/ro\/wp-json\/wp\/v2\/comments?post=332"}],"version-history":[{"count":6,"href":"https:\/\/ceccarbotosani.ro\/ro\/wp-json\/wp\/v2\/pages\/332\/revisions"}],"predecessor-version":[{"id":1760,"href":"https:\/\/ceccarbotosani.ro\/ro\/wp-json\/wp\/v2\/pages\/332\/revisions\/1760"}],"up":[{"embeddable":true,"href":"https:\/\/ceccarbotosani.ro\/ro\/wp-json\/wp\/v2\/pages\/286"}],"wp:attachment":[{"href":"https:\/\/ceccarbotosani.ro\/ro\/wp-json\/wp\/v2\/media?parent=332"}],"curies":[{"name":"wp","href":"https:\/\/api.w.org\/{rel}","templated":true}]}}